{"id":90,"date":"2019-04-07T17:07:11","date_gmt":"2019-04-07T17:07:11","guid":{"rendered":"http:\/\/sebastianbathe.com\/?page_id=90"},"modified":"2020-03-02T12:32:52","modified_gmt":"2020-03-02T12:32:52","slug":"kontakt","status":"publish","type":"page","link":"https:\/\/sebastianbathe.com\/?page_id=90","title":{"rendered":"kontakt"},"content":{"rendered":"\n<p>Sebastian Bathe<br>Liebigstra\u00dfe 114<br>D-50823 K\u00f6ln<br><a href=\"mail@sebastianbathe.com\">mail@sebastianbathe.com<\/a><\/p>\n\n\n\n<p>IMPRESSUM<\/p>\n\n\n\n<p>Angaben gem\u00e4\u00df \u00a7 5 TMG:<\/p>\n\n\n\n<p>Sebastian Bathe<br>Liebigstra\u00dfe 114<br>D-50823 K\u00f6ln<\/p>\n\n\n\n<p>Kontakt<br>E-Mail:&nbsp;mail@sebastianbathe.com<a href=\"http:\/\/sebastianbathe.com\/wp-admin\/mail@sebastianbathe.com\">\ufeff<\/a><\/p>\n\n\n\n<p>HAFTUNGSAUSSCHLUSS UND URHEBERRECHT <\/p>\n\n\n\n<p>Haftung f\u00fcr Inhalte<br>Als Diensteanbieter sind wir gem\u00e4\u00df \u00a7 7 Abs.1 TMG f\u00fcr eigene Inhalte auf diesen Seiten nach den allgemeinen Gesetzen verantwortlich. Nach \u00a7\u00a7 8 bis 10 TMG sind wir als Diensteanbieter jedoch nicht verpflichtet, \u00fcbermittelte oder gespeicherte fremde Informationen zu \u00fcber\u00adwachen oder nach Umst\u00e4nden zu forschen, die auf eine rechtswidrige T\u00e4tigkeit hinweisen. Verpflichtungen zur Entfernung oder Sperrung der Nutzung von Informationen nach den all\u00adgemeinen Gesetzen bleiben hiervon unbe\u00adr\u00fchrt. Eine diesbez\u00fcgliche Haftung ist jedoch erst ab dem Zeitpunkt der Kenntnis einer kon\u00adkreten Rechtsverletzung m\u00f6glich. Bei Bekannt\u00adwerden von entsprechenden Rechts\u00adver\u00adletzungen wer\u00adden wir diese Inhalte umgehend entfernen. <\/p>\n\n\n\n<p>Haftung f\u00fcr Links<br>Unser Angebot enth\u00e4lt Links zu externen Web\u00adseiten Dritter, auf deren Inhalte wir keinen Einfluss haben. Deshalb k\u00f6nnen wir f\u00fcr diese fremden Inhalte auch keine Gew\u00e4hr \u00fcber\u00adneh\u00admen. F\u00fcr die Inhalte der verlinkten Seiten ist stets der jeweilige Anbieter oder Betreiber der Seiten verantwortlich. Die verlinkten Seiten wurden zum Zeitpunkt der Verlinkung auf m\u00f6gliche Rechtsverst\u00f6\u00dfe \u00fcberpr\u00fcft. Rechts\u00adwidrige Inhalte waren zum Zeitpunkt der Verlinkung nicht erkennbar. Eine permanente inhaltliche Kontrolle der verlinkten Seiten ist jedoch ohne konkrete Anhaltspunkte einer Rechtsverletzung nicht zumutbar. Bei Bekannt\u00adwerden von Rechtsverletzungen werden wir derartige Links umgehend entfernen.<\/p>\n\n\n\n<p>Urheberrecht<br>Die durch die Seitenbetreiber erstellten Inhalte und Werke auf diesen Seiten unterliegen dem deutschen Urheberrecht. Die Vervielf\u00e4ltigung, Bearbeitung, Verbreitung und jede Art der Verwertung au\u00dferhalb der Grenzen des Urhebe\u00adrrechtes bed\u00fcrfen der schriftlichen Zustimmung des jeweiligen Autors bzw. Erstellers. Down\u00adloads und Kopien dieser Seite sind nur f\u00fcr den privaten, nicht kommerziellen Gebrauch ge\u00adstattet. Soweit die Inhalte auf dieser Seite nicht vom Betreiber erstellt wurden, werden die Urheberrechte Dritter beachtet. Insbesondere werden Inhalte Dritter als solche gekenn\u00adzeichnet. Sollten Sie trotzdem auf eine Urheber\u00adrechtsverletzung aufmerksam werden, bitten wir um einen entsprechenden Hinweis. Bei Bekannt\u00adwerden von Rechtsverletzungen werden wir derartige Inhalte umgehend entfernen.<\/p>\n\n\n\n<p>\u00a9 Sebastian Bathe 2019<\/p>\n","protected":false},"excerpt":{"rendered":"<p>Sebastian BatheLiebigstra\u00dfe 114D-50823 K\u00f6lnmail@sebastianbathe.com IMPRESSUM Angaben gem\u00e4\u00df \u00a7 5 TMG: Sebastian BatheLiebigstra\u00dfe 114D-50823 K\u00f6ln KontaktE-Mail:&nbsp;mail@sebastianbathe.com\ufeff HAFTUNGSAUSSCHLUSS UND URHEBERRECHT Haftung f\u00fcr InhalteAls Diensteanbieter sind wir gem\u00e4\u00df \u00a7 7 Abs.1 TMG f\u00fcr eigene Inhalte auf diesen Seiten nach den allgemeinen Gesetzen verantwortlich. Nach \u00a7\u00a7 8 bis 10 TMG sind wir als Diensteanbieter jedoch nicht verpflichtet, \u00fcbermittelte oder [&hellip;]<\/p>\n","protected":false},"author":1,"featured_media":0,"parent":0,"menu_order":6,"comment_status":"closed","ping_status":"closed","template":"","meta":{"spay_email":""},"_links":{"self":[{"href":"https:\/\/sebastianbathe.com\/index.php?rest_route=\/wp\/v2\/pages\/90"}],"collection":[{"href":"https:\/\/sebastianbathe.com\/index.php?rest_route=\/wp\/v2\/pages"}],"about":[{"href":"https:\/\/sebastianbathe.com\/index.php?rest_route=\/wp\/v2\/types\/page"}],"author":[{"embeddable":true,"href":"https:\/\/sebastianbathe.com\/index.php?rest_route=\/wp\/v2\/users\/1"}],"replies":[{"embeddable":true,"href":"https:\/\/sebastianbathe.com\/index.php?rest_route=%2Fwp%2Fv2%2Fcomments&post=90"}],"version-history":[{"count":5,"href":"https:\/\/sebastianbathe.com\/index.php?rest_route=\/wp\/v2\/pages\/90\/revisions"}],"predecessor-version":[{"id":298,"href":"https:\/\/sebastianbathe.com\/index.php?rest_route=\/wp\/v2\/pages\/90\/revisions\/298"}],"wp:attachment":[{"href":"https:\/\/sebastianbathe.com\/index.php?rest_route=%2Fwp%2Fv2%2Fmedia&parent=90"}],"curies":[{"name":"wp","href":"https:\/\/api.w.org\/{rel}","templated":true}]}}