{"id":44,"date":"2019-04-07T14:02:40","date_gmt":"2019-04-07T14:02:40","guid":{"rendered":"http:\/\/sebastianbathe.com\/?page_id=44"},"modified":"2026-02-10T21:33:26","modified_gmt":"2026-02-10T21:33:26","slug":"sebastian-bathe","status":"publish","type":"page","link":"https:\/\/sebastianbathe.com\/","title":{"rendered":"sebastian bathe"},"content":{"rendered":"\n<p><\/p>\n\n\n\n<p><\/p>\n\n\n\n<p><\/p>\n\n\n\n<figure class=\"wp-block-image size-large is-resized\"><img loading=\"lazy\" src=\"https:\/\/sebastianbathe.com\/wp-content\/uploads\/2026\/02\/IMG_5108photo-1-769x1024.jpg\" alt=\"\" class=\"wp-image-1725\" width=\"698\" height=\"930\" srcset=\"https:\/\/sebastianbathe.com\/wp-content\/uploads\/2026\/02\/IMG_5108photo-1-769x1024.jpg 769w, https:\/\/sebastianbathe.com\/wp-content\/uploads\/2026\/02\/IMG_5108photo-1-225x300.jpg 225w, https:\/\/sebastianbathe.com\/wp-content\/uploads\/2026\/02\/IMG_5108photo-1-768x1022.jpg 768w, https:\/\/sebastianbathe.com\/wp-content\/uploads\/2026\/02\/IMG_5108photo-1-1154x1536.jpg 1154w, https:\/\/sebastianbathe.com\/wp-content\/uploads\/2026\/02\/IMG_5108photo-1-1539x2048.jpg 1539w, https:\/\/sebastianbathe.com\/wp-content\/uploads\/2026\/02\/IMG_5108photo-1-924x1230.jpg 924w, https:\/\/sebastianbathe.com\/wp-content\/uploads\/2026\/02\/IMG_5108photo-1-671x893.jpg 671w, https:\/\/sebastianbathe.com\/wp-content\/uploads\/2026\/02\/IMG_5108photo-1-scaled.jpg 1923w\" sizes=\"(max-width: 698px) 100vw, 698px\" \/><figcaption>                                                                                                <br>          Februar 2026, K\u00f6ln<br><br>Seit letztem Sommer bin ich an dem Rogeri Projekt f\u00fcr Angelus Novus, weiterer Baustein von Flo\u00df der Medusa.<\/figcaption><\/figure>\n\n\n\n<p>Momentan kann ich zwei Monate frei an der Kopie dieses Rogerie Basses aus dem 17. Jh arbeiten. Dies erm\u00f6glicht mir das Arbeits &#8211; und Recherche Stipendium 2025 der Stadt K\u00f6ln, wof\u00fcr ich wirklich sehr dankbar bin &#8211; gerade jetzt, wo die Kulturelle F\u00f6rderung so runtergek\u00fcrzt wird. Im vergangenen Sommer konnte ich die ersten H\u00f6lzer hierf\u00fcr in den W\u00e4ldern um Breendonk in Belgien und Portbou in den Pyren\u00e4en, finden. Nun kann ich aus der 120 Jahre alten Papel den Zargenkranz und Boden und aus der 80 Jahre alten Kirsche den Halsklotz mit der oben zu sehenden Schnecke herstellen.<\/p>\n\n\n\n<p>In den kommenden Monaten werde ich ein zweites mal nach Oradour-sur-Glane reisen um diesmal hoffentlich die Fichte f\u00fcr die Decke zu finden. Ich danke all der Unterst\u00fctzung der Menschen auf dieser Reise der Arbeit, die mir halfen diesen Gedanken wahr werden zu lassen. Und nat\u00fcrlich Beni und Annegret for having me in there violin workshop in collogne. <\/p>\n\n\n\n<p><\/p>\n\n\n\n<p>Alles um dann den hier m\u00f6glich werdenden Ton mit den Texten und Bilder am furchtbaren Moment des abgebrannten Fl\u00fcchtlingslager in Moria in einem poetischen Essay als Bild unser br\u00fcchigen Freiheit zu versuchen.<\/p>\n\n\n\n<p>Die Aufnahmen hierf\u00fcr entstanden schon im November 2021 und alles dauert in dieser rasenden Welt.<\/p>\n\n\n\n<p><\/p>\n\n\n\n<p>Ihr, die ihr auftauchen werdet aus der Flut \/                                                                                                                                                                                             In der wir untergegangen sind \/                                                                                                                                           Gedenkt \/                                                                                                                                                                            wenn ihr von unseren Schw\u00e4chen sprecht \/                                                                                                                        Auch der finsteren Zeit \/                                                                                                                                                         Der ihr entronnen seid                                                                                                                                                                <\/p>\n\n\n\n<p><\/p>\n\n\n\n<p>                                                                                                                                                                                                                                                                                       <\/p>\n\n\n\n<p><\/p>\n\n\n\n<figure class=\"wp-block-gallery aligncenter columns-1 is-cropped\"><ul class=\"blocks-gallery-grid\"><li class=\"blocks-gallery-item\"><figure><img loading=\"lazy\" width=\"683\" height=\"1024\" src=\"http:\/\/sebastianbathe.com\/wp-content\/uploads\/2019\/04\/basti-ukraine-683x1024.jpg\" alt=\"\" data-id=\"48\" data-link=\"http:\/\/sebastianbathe.com\/?attachment_id=48\" class=\"wp-image-48\" srcset=\"https:\/\/sebastianbathe.com\/wp-content\/uploads\/2019\/04\/basti-ukraine-683x1024.jpg 683w, https:\/\/sebastianbathe.com\/wp-content\/uploads\/2019\/04\/basti-ukraine-200x300.jpg 200w, https:\/\/sebastianbathe.com\/wp-content\/uploads\/2019\/04\/basti-ukraine-768x1152.jpg 768w, https:\/\/sebastianbathe.com\/wp-content\/uploads\/2019\/04\/basti-ukraine-924x1386.jpg 924w, https:\/\/sebastianbathe.com\/wp-content\/uploads\/2019\/04\/basti-ukraine-671x1007.jpg 671w, https:\/\/sebastianbathe.com\/wp-content\/uploads\/2019\/04\/basti-ukraine.jpg 2000w\" sizes=\"(max-width: 683px) 100vw, 683px\" \/><\/figure><\/li><\/ul><\/figure>\n\n\n\n<p class=\"has-text-align-center has-small-font-size\">                                                                                                                                                                                                                                       l&#8217;viv, ukraine, 2018<\/p>\n\n\n\n<p>     <\/p>\n\n\n\n<p><\/p>\n\n\n\n<p>                                                                                                                                                                                                                                                          Es gibt ein Bild von Klee, das Angelus Novus hei\u00dft. Ein Engel ist darauf dargestellt, der aussieht als w\u00e4re er im Begriff, sich von etwas zu entfernen, worauf er starrt. Seine Augen sind aufgerissen, sein Mund steht offen und seine Fl\u00fcgel sind ausgespannt. Der Engel der Geschichte mu\u00df so aussehen. Er hat das Antlitz der Vergangenheit zugewendet. Wo eine Kette von Begebenheiten vor uns erscheint, da sieht er eine einzige Katastrophe, die unabl\u00e4ssig Tr\u00fcmmer auf Tr\u00fcmmer h\u00e4uft und sie ihm vor die F\u00fc\u00dfe schleudert. Er m\u00f6chte wohl verweilen, die Toten wecken und das Zerschlagene zusammenf\u00fcgen. Aber ein Sturm weht vom Paradies her, der sich in seinen Fl\u00fcgeln verfangen hat und so stark ist, da\u00df der Engel sie nicht mehr schlie\u00dfen kann. Dieser Sturm treibt ihn unaufhaltsam in die Zukunft, der er den R\u00fccken kehrt, w\u00e4hrend der Tr\u00fcmmerhaufen vor ihm zu Himmel w\u00e4chst. Das, was wir den Fortschritt nennen, ist dieser Sturm.                    <\/p>\n\n\n\n<p>Walter Benjamin \u2013 \u00dcber den Begriff der Geschichte \/ IX<\/p>\n\n\n\n<p><\/p>\n\n\n\n<p>Wenn ich, dort oben, auf der Fotografie lache, ob all, oder gerade wegen, der Schwere des Lebens. So bin ich nun am weinen, ob der Ohnmacht vor diesem Krieg, der auf dieser, unserer Welt weilt, w\u00fctet, t\u00f6tet und foltert. Syrien, der nahe Osten, die Ohnmacht um Afghanistan und nun eben die Ukraine &#8211; und ja, leider noch viele und immer mehr. Gerade noch in Moria dachte ich dar\u00fcber nach, mit dem Segel des &#8220;Flo\u00df der Medusa&#8221;, in die Landschaften der Ostukraine zu reisen. Auf dem Boden der Gr\u00e4uel von Babyn Jar wollte die Arbeit im kommenden Jahr eine Auseinandersetzung wagen. Damals, Genozid im September 1941 &#8211; unbegreiflich, aber schmerzhafte Wirklichkeit. Jetzt wird Kiew wieder bescho\u00dfen. Was helfen da meine Tr\u00e4nen, wenn Menschen so handeln k\u00f6nnen oder die Gefangenen dieser Handlungen sein m\u00fcssen &#8211; So wirft uns der Sturm immer weiter Tr\u00fcmmer vor die F\u00fc\u00dfe und diese Geschichte scheint ewig wiederholt, anstatt das wir aus ihr lernen w\u00fcrden. Mythos des Sisyphos, erstickte Wut und Tr\u00e4nen der Ohnmacht<\/p>\n\n\n\n<p>25. Februar 2022<\/p>\n\n\n\n<p><\/p>\n\n\n\n<p>Und Nun finde ich \u00fcberhaupt keine Worte mehr, keinen Ansatz um dieses Grauen, seine Ausw\u00fcchse &#8211; und ja, in keinem Fall die selbstgerechte Auseinandersetzung dar\u00fcber, verstehen oder auch nur im Ansatz akzeptieren zu k\u00f6nnen.<\/p>\n\n\n\n<p>Jeder der Mensch ist, kann dies nur sein wenn er andere Menschen lieben darf. Das Unfassbare Gl\u00fcck hat von Ihnen geliebt zu werden. Wie kann ein Mensch das vergessen beim T\u00f6ten, ja hinrichten eines Ihm darin unbedingt verwandten Wesens und liebenden Ichs. Und wie kann man, nach solchen Taten, wirklich einen Erkl\u00e4rungs- Rechtfertigungsansatz nur zu formulieren wagen ? Und wieso sind all die kritischen Stimmen, pl\u00f6tzlich beim exekutiv Tot so vieler Menschen, Hinrichten Alter und Vergewaltigen junger Frauen, frenetischen Kindesmorden einfach still, oder schlimmer noch akzeptierend nickend. Das ist in erster Linie das widerliche, kaum Vorstellbare Gesicht des animalischen Menschentum. Das ist der \u00fcberall schlummernde Antisemitismus, Fanatismus und Rassismus, das ist der Hass aus fehlgeleiteter Religion, Angst und Hetze. Und diese sinnlose Schlachten hat nun eine Ultra nationalistischen Regierung in all ihrem Denken Best\u00e4tigt und die Legitimation zu einem weiteren furchtbaren, Menschenleben vernichtenden, sinnlosen Krieg geliefert. Womit wir dann die n\u00e4chste Generation des Hasses sicher stellen.  Das ist nicht die Welt in der ich leben m\u00f6chte. Das ist aber die Welt von der ich gezwungener Teil sein muss. Von dieser Welt Tr\u00e4ume ich nicht &#8211; in der wir immer und \u00fcberall Taten gegen das Andere begehen, hassen und darin die Liebe, die uns alle ausmacht und tr\u00e4gt, in Wahn und Terror mit Dogmen digitieren und bespucken.<\/p>\n\n\n\n<p>Was Sie uns antuen, haben Wir Ihnen angetan &#8211; und was Sie uns antaten werden wir Ihnen antuen. Spirale der Gewalt, ewiger Dummheit, Vernichtung und Trauer. So viele Worte und doch finde ich kaum eine Stimme.<\/p>\n\n\n\n<p><\/p>\n\n\n\n<p>28. November 2023<\/p>\n\n\n\n<figure class=\"wp-block-embed is-type-video is-provider-vimeo wp-block-embed-vimeo wp-embed-aspect-16-9 wp-has-aspect-ratio\"><div class=\"wp-block-embed__wrapper\">\n<div class=\"jetpack-video-wrapper\"><iframe loading=\"lazy\" title=\"linger on.mov\" src=\"https:\/\/player.vimeo.com\/video\/769622301?dnt=1&amp;app_id=122963\" width=\"924\" height=\"520\" frameborder=\"0\" allow=\"autoplay; fullscreen; picture-in-picture; clipboard-write; encrypted-media; web-share\" referrerpolicy=\"strict-origin-when-cross-origin\"><\/iframe><\/div>\n<\/div><\/figure>\n\n\n\n<p>linger on &#8211; Essaybearbeitung meines tausend Bilder starken Fotozyklus <a href=\"https:\/\/sebastianbathe.com\/?page_id=451\" data-type=\"URL\" data-id=\"https:\/\/sebastianbathe.com\/?page_id=451\">2020<\/a><\/p>\n\n\n\n<p><a href=\"https:\/\/staub.bandcamp.com\/track\/linger-on\" data-type=\"URL\" data-id=\"https:\/\/staub.bandcamp.com\/track\/linger-on\">staub &#8211; linger on<\/a><\/p>\n","protected":false},"excerpt":{"rendered":"<p>Momentan kann ich zwei Monate frei an der Kopie dieses Rogerie Basses aus dem 17. Jh arbeiten. Dies erm\u00f6glicht mir das Arbeits &#8211; und Recherche Stipendium 2025 der Stadt K\u00f6ln, wof\u00fcr ich wirklich sehr dankbar bin &#8211; gerade jetzt, wo die Kulturelle F\u00f6rderung so runtergek\u00fcrzt wird. Im vergangenen Sommer konnte ich die ersten H\u00f6lzer hierf\u00fcr [&hellip;]<\/p>\n","protected":false},"author":1,"featured_media":0,"parent":0,"menu_order":0,"comment_status":"closed","ping_status":"closed","template":"","meta":{"spay_email":""},"_links":{"self":[{"href":"https:\/\/sebastianbathe.com\/index.php?rest_route=\/wp\/v2\/pages\/44"}],"collection":[{"href":"https:\/\/sebastianbathe.com\/index.php?rest_route=\/wp\/v2\/pages"}],"about":[{"href":"https:\/\/sebastianbathe.com\/index.php?rest_route=\/wp\/v2\/types\/page"}],"author":[{"embeddable":true,"href":"https:\/\/sebastianbathe.com\/index.php?rest_route=\/wp\/v2\/users\/1"}],"replies":[{"embeddable":true,"href":"https:\/\/sebastianbathe.com\/index.php?rest_route=%2Fwp%2Fv2%2Fcomments&post=44"}],"version-history":[{"count":42,"href":"https:\/\/sebastianbathe.com\/index.php?rest_route=\/wp\/v2\/pages\/44\/revisions"}],"predecessor-version":[{"id":1727,"href":"https:\/\/sebastianbathe.com\/index.php?rest_route=\/wp\/v2\/pages\/44\/revisions\/1727"}],"wp:attachment":[{"href":"https:\/\/sebastianbathe.com\/index.php?rest_route=%2Fwp%2Fv2%2Fmedia&parent=44"}],"curies":[{"name":"wp","href":"https:\/\/api.w.org\/{rel}","templated":true}]}}