{"id":308,"date":"2020-03-02T13:42:20","date_gmt":"2020-03-02T13:42:20","guid":{"rendered":"http:\/\/sebastianbathe.com\/?page_id=308"},"modified":"2020-03-02T22:31:00","modified_gmt":"2020-03-02T22:31:00","slug":"arbeitstitel","status":"publish","type":"page","link":"https:\/\/sebastianbathe.com\/?page_id=308","title":{"rendered":"arbeitstitel"},"content":{"rendered":"\n<figure class=\"wp-block-image\"><img loading=\"lazy\" width=\"684\" height=\"1024\" src=\"http:\/\/sebastianbathe.com\/wp-content\/uploads\/2019\/04\/20171217-125852-684x1024.jpg\" alt=\"\" class=\"wp-image-69\" srcset=\"https:\/\/sebastianbathe.com\/wp-content\/uploads\/2019\/04\/20171217-125852-684x1024.jpg 684w, https:\/\/sebastianbathe.com\/wp-content\/uploads\/2019\/04\/20171217-125852-200x300.jpg 200w, https:\/\/sebastianbathe.com\/wp-content\/uploads\/2019\/04\/20171217-125852-768x1151.jpg 768w, https:\/\/sebastianbathe.com\/wp-content\/uploads\/2019\/04\/20171217-125852-924x1384.jpg 924w, https:\/\/sebastianbathe.com\/wp-content\/uploads\/2019\/04\/20171217-125852-671x1005.jpg 671w, https:\/\/sebastianbathe.com\/wp-content\/uploads\/2019\/04\/20171217-125852.jpg 1335w\" sizes=\"(max-width: 684px) 100vw, 684px\" \/><\/figure>\n\n\n\n<p>arbeitstitel, akademie arbeitstitel, mit christoph g\u00f6rke, grabbeplatz, d\u00fcsseldorf, 2017<\/p>\n\n\n\n<figure class=\"wp-block-image\"><img loading=\"lazy\" width=\"1024\" height=\"623\" src=\"http:\/\/sebastianbathe.com\/wp-content\/uploads\/2020\/03\/arbeitstitel_beton-1024x623.jpg\" alt=\"\" class=\"wp-image-418\" srcset=\"https:\/\/sebastianbathe.com\/wp-content\/uploads\/2020\/03\/arbeitstitel_beton-1024x623.jpg 1024w, https:\/\/sebastianbathe.com\/wp-content\/uploads\/2020\/03\/arbeitstitel_beton-300x182.jpg 300w, https:\/\/sebastianbathe.com\/wp-content\/uploads\/2020\/03\/arbeitstitel_beton-768x467.jpg 768w, https:\/\/sebastianbathe.com\/wp-content\/uploads\/2020\/03\/arbeitstitel_beton-924x562.jpg 924w, https:\/\/sebastianbathe.com\/wp-content\/uploads\/2020\/03\/arbeitstitel_beton-671x408.jpg 671w\" sizes=\"(max-width: 1024px) 100vw, 1024px\" \/><\/figure>\n\n\n\n<figure class=\"wp-block-image\"><img loading=\"lazy\" width=\"1024\" height=\"684\" src=\"http:\/\/sebastianbathe.com\/wp-content\/uploads\/2019\/04\/20180125-150930-1024x684.jpg\" alt=\"\" class=\"wp-image-70\" srcset=\"https:\/\/sebastianbathe.com\/wp-content\/uploads\/2019\/04\/20180125-150930-1024x684.jpg 1024w, https:\/\/sebastianbathe.com\/wp-content\/uploads\/2019\/04\/20180125-150930-300x200.jpg 300w, https:\/\/sebastianbathe.com\/wp-content\/uploads\/2019\/04\/20180125-150930-768x513.jpg 768w, https:\/\/sebastianbathe.com\/wp-content\/uploads\/2019\/04\/20180125-150930-924x617.jpg 924w, https:\/\/sebastianbathe.com\/wp-content\/uploads\/2019\/04\/20180125-150930-671x448.jpg 671w, https:\/\/sebastianbathe.com\/wp-content\/uploads\/2019\/04\/20180125-150930.jpg 1200w\" sizes=\"(max-width: 1024px) 100vw, 1024px\" \/><\/figure>\n\n\n\n<figure class=\"wp-block-image\"><img loading=\"lazy\" width=\"1024\" height=\"684\" src=\"http:\/\/sebastianbathe.com\/wp-content\/uploads\/2019\/04\/20180125-152442-1024x684.jpg\" alt=\"\" class=\"wp-image-214\" srcset=\"https:\/\/sebastianbathe.com\/wp-content\/uploads\/2019\/04\/20180125-152442-1024x684.jpg 1024w, https:\/\/sebastianbathe.com\/wp-content\/uploads\/2019\/04\/20180125-152442-300x200.jpg 300w, https:\/\/sebastianbathe.com\/wp-content\/uploads\/2019\/04\/20180125-152442-768x513.jpg 768w, https:\/\/sebastianbathe.com\/wp-content\/uploads\/2019\/04\/20180125-152442-924x617.jpg 924w, https:\/\/sebastianbathe.com\/wp-content\/uploads\/2019\/04\/20180125-152442-671x448.jpg 671w, https:\/\/sebastianbathe.com\/wp-content\/uploads\/2019\/04\/20180125-152442.jpg 1200w\" sizes=\"(max-width: 1024px) 100vw, 1024px\" \/><\/figure>\n\n\n\n<p>arbeitstitel, akademie arbeitstitel, mit christoph g\u00f6rke, kunsthalle d\u00fcsseldorf, 2018<\/p>\n\n\n\n<figure class=\"wp-block-image\"><img loading=\"lazy\" width=\"1024\" height=\"683\" src=\"http:\/\/sebastianbathe.com\/wp-content\/uploads\/2020\/03\/bonn_2-1024x683.jpg\" alt=\"\" class=\"wp-image-313\" srcset=\"https:\/\/sebastianbathe.com\/wp-content\/uploads\/2020\/03\/bonn_2-1024x683.jpg 1024w, https:\/\/sebastianbathe.com\/wp-content\/uploads\/2020\/03\/bonn_2-300x200.jpg 300w, https:\/\/sebastianbathe.com\/wp-content\/uploads\/2020\/03\/bonn_2-768x512.jpg 768w, https:\/\/sebastianbathe.com\/wp-content\/uploads\/2020\/03\/bonn_2-924x616.jpg 924w, https:\/\/sebastianbathe.com\/wp-content\/uploads\/2020\/03\/bonn_2-671x447.jpg 671w\" sizes=\"(max-width: 1024px) 100vw, 1024px\" \/><\/figure>\n\n\n\n<figure class=\"wp-block-image\"><img loading=\"lazy\" width=\"1024\" height=\"683\" src=\"http:\/\/sebastianbathe.com\/wp-content\/uploads\/2020\/03\/bonn_3-1024x683.jpg\" alt=\"\" class=\"wp-image-314\" srcset=\"https:\/\/sebastianbathe.com\/wp-content\/uploads\/2020\/03\/bonn_3-1024x683.jpg 1024w, https:\/\/sebastianbathe.com\/wp-content\/uploads\/2020\/03\/bonn_3-300x200.jpg 300w, https:\/\/sebastianbathe.com\/wp-content\/uploads\/2020\/03\/bonn_3-768x512.jpg 768w, https:\/\/sebastianbathe.com\/wp-content\/uploads\/2020\/03\/bonn_3-924x616.jpg 924w, https:\/\/sebastianbathe.com\/wp-content\/uploads\/2020\/03\/bonn_3-671x447.jpg 671w\" sizes=\"(max-width: 1024px) 100vw, 1024px\" \/><\/figure>\n\n\n\n<p><strong>arbeitstitel<\/strong>, recording, k\u00fcnstlerforum bonn, mit christoph g\u00f6rke, 2019<\/p>\n","protected":false},"excerpt":{"rendered":"<p>arbeitstitel, akademie arbeitstitel, mit christoph g\u00f6rke, grabbeplatz, d\u00fcsseldorf, 2017 arbeitstitel, akademie arbeitstitel, mit christoph g\u00f6rke, kunsthalle d\u00fcsseldorf, 2018 arbeitstitel, recording, k\u00fcnstlerforum bonn, mit christoph g\u00f6rke, 2019<\/p>\n","protected":false},"author":1,"featured_media":0,"parent":0,"menu_order":0,"comment_status":"closed","ping_status":"closed","template":"","meta":{"spay_email":""},"_links":{"self":[{"href":"https:\/\/sebastianbathe.com\/index.php?rest_route=\/wp\/v2\/pages\/308"}],"collection":[{"href":"https:\/\/sebastianbathe.com\/index.php?rest_route=\/wp\/v2\/pages"}],"about":[{"href":"https:\/\/sebastianbathe.com\/index.php?rest_route=\/wp\/v2\/types\/page"}],"author":[{"embeddable":true,"href":"https:\/\/sebastianbathe.com\/index.php?rest_route=\/wp\/v2\/users\/1"}],"replies":[{"embeddable":true,"href":"https:\/\/sebastianbathe.com\/index.php?rest_route=%2Fwp%2Fv2%2Fcomments&post=308"}],"version-history":[{"count":17,"href":"https:\/\/sebastianbathe.com\/index.php?rest_route=\/wp\/v2\/pages\/308\/revisions"}],"predecessor-version":[{"id":419,"href":"https:\/\/sebastianbathe.com\/index.php?rest_route=\/wp\/v2\/pages\/308\/revisions\/419"}],"wp:attachment":[{"href":"https:\/\/sebastianbathe.com\/index.php?rest_route=%2Fwp%2Fv2%2Fmedia&parent=308"}],"curies":[{"name":"wp","href":"https:\/\/api.w.org\/{rel}","templated":true}]}}